{"id":674,"date":"2014-04-02T13:42:46","date_gmt":"2014-04-02T13:42:46","guid":{"rendered":"http:\/\/vdamk.hu\/?page_id=674"},"modified":"2016-11-17T09:47:25","modified_gmt":"2016-11-17T09:47:25","slug":"szervezeti-es-mukodesi-szabalyzat","status":"publish","type":"page","link":"https:\/\/vdamk.hu\/?page_id=674","title":{"rendered":"Szervezeti \u00e9s M\u0171k\u00f6d\u00e9si Szab\u00e1lyzat"},"content":{"rendered":"<h4><span style=\"text-decoration: underline;\"><strong><a href=\"https:\/\/vdamk.hu\/wp-content\/uploads\/2014\/04\/v\u00e9gleg-v\u00e9gleg-SZMSZ.pdf\"><span style=\"color: #ff6600; text-decoration: underline;\">Szervezeti \u00e9s M\u0171k\u00f6d\u00e9si Szab\u00e1lyzat<\/span><\/a><\/strong><\/span><\/h4>\n<h4><span style=\"text-decoration: underline;\"><span style=\"color: #ff6600;\"><strong><a style=\"color: #ff6600; text-decoration: underline;\" href=\"https:\/\/vdamk.hu\/wp-content\/uploads\/2016\/11\/Szmsz-mell\u00e9kletek-felsorol\u00e1s.pdf\">A\u00a0Szervezeti \u00e9s M\u0171k\u00f6d\u00e9si Szab\u00e1lyzat mell\u00e9kletei<\/a><\/strong><\/span><\/span><\/h4>\n","protected":false},"excerpt":{"rendered":"<p>Szervezeti \u00e9s M\u0171k\u00f6d\u00e9si Szab\u00e1lyzat A\u00a0Szervezeti \u00e9s M\u0171k\u00f6d\u00e9si Szab\u00e1lyzat mell\u00e9kletei<\/p>\n","protected":false},"author":1,"featured_media":0,"parent":603,"menu_order":0,"comment_status":"closed","ping_status":"closed","template":"","meta":{"footnotes":""},"_links":{"self":[{"href":"https:\/\/vdamk.hu\/index.php?rest_route=\/wp\/v2\/pages\/674"}],"collection":[{"href":"https:\/\/vdamk.hu\/index.php?rest_route=\/wp\/v2\/pages"}],"about":[{"href":"https:\/\/vdamk.hu\/index.php?rest_route=\/wp\/v2\/types\/page"}],"author":[{"embeddable":true,"href":"https:\/\/vdamk.hu\/index.php?rest_route=\/wp\/v2\/users\/1"}],"replies":[{"embeddable":true,"href":"https:\/\/vdamk.hu\/index.php?rest_route=%2Fwp%2Fv2%2Fcomments&post=674"}],"version-history":[{"count":7,"href":"https:\/\/vdamk.hu\/index.php?rest_route=\/wp\/v2\/pages\/674\/revisions"}],"predecessor-version":[{"id":1733,"href":"https:\/\/vdamk.hu\/index.php?rest_route=\/wp\/v2\/pages\/674\/revisions\/1733"}],"up":[{"embeddable":true,"href":"https:\/\/vdamk.hu\/index.php?rest_route=\/wp\/v2\/pages\/603"}],"wp:attachment":[{"href":"https:\/\/vdamk.hu\/index.php?rest_route=%2Fwp%2Fv2%2Fmedia&parent=674"}],"curies":[{"name":"wp","href":"https:\/\/api.w.org\/{rel}","templated":true}]}}