{"id":603,"date":"2014-02-26T13:46:13","date_gmt":"2014-02-26T13:46:13","guid":{"rendered":"http:\/\/vdamk.hu\/?page_id=603"},"modified":"2014-02-26T13:46:13","modified_gmt":"2014-02-26T13:46:13","slug":"dokumentumok","status":"publish","type":"page","link":"https:\/\/vdamk.hu\/?page_id=603","title":{"rendered":"Dokumentumok"},"content":{"rendered":"<p>Kedves L\u00e1togat\u00f3!<\/p>\n<p>K\u00e9rj\u00fck, v\u00e1lassza ki a k\u00edv\u00e1nt dokumentumot!<\/p>\n","protected":false},"excerpt":{"rendered":"<p>Kedves L\u00e1togat\u00f3! K\u00e9rj\u00fck, v\u00e1lassza ki a k\u00edv\u00e1nt dokumentumot!<\/p>\n","protected":false},"author":1,"featured_media":0,"parent":12,"menu_order":30,"comment_status":"closed","ping_status":"closed","template":"","meta":{"footnotes":""},"_links":{"self":[{"href":"https:\/\/vdamk.hu\/index.php?rest_route=\/wp\/v2\/pages\/603"}],"collection":[{"href":"https:\/\/vdamk.hu\/index.php?rest_route=\/wp\/v2\/pages"}],"about":[{"href":"https:\/\/vdamk.hu\/index.php?rest_route=\/wp\/v2\/types\/page"}],"author":[{"embeddable":true,"href":"https:\/\/vdamk.hu\/index.php?rest_route=\/wp\/v2\/users\/1"}],"replies":[{"embeddable":true,"href":"https:\/\/vdamk.hu\/index.php?rest_route=%2Fwp%2Fv2%2Fcomments&post=603"}],"version-history":[{"count":1,"href":"https:\/\/vdamk.hu\/index.php?rest_route=\/wp\/v2\/pages\/603\/revisions"}],"predecessor-version":[{"id":604,"href":"https:\/\/vdamk.hu\/index.php?rest_route=\/wp\/v2\/pages\/603\/revisions\/604"}],"up":[{"embeddable":true,"href":"https:\/\/vdamk.hu\/index.php?rest_route=\/wp\/v2\/pages\/12"}],"wp:attachment":[{"href":"https:\/\/vdamk.hu\/index.php?rest_route=%2Fwp%2Fv2%2Fmedia&parent=603"}],"curies":[{"name":"wp","href":"https:\/\/api.w.org\/{rel}","templated":true}]}}