{"id":579,"date":"2014-02-25T10:24:42","date_gmt":"2014-02-25T10:24:42","guid":{"rendered":"http:\/\/vdamk.hu\/?page_id=579"},"modified":"2014-02-26T13:42:37","modified_gmt":"2014-02-26T13:42:37","slug":"munkatarsaink","status":"publish","type":"page","link":"https:\/\/vdamk.hu\/?page_id=579","title":{"rendered":"Munkat\u00e1rsaink"},"content":{"rendered":"<h5><span style=\"color: #ff0000;\">Int\u00e9zm\u00e9nyegys\u00e9g vezet\u0151:<\/span><\/h5>\n<ul>\n<li><strong><span style=\"color: #99cc00;\">T\u00f3th Gyul\u00e1n\u00e9<\/span><\/strong>\u00a0&#8211; <span style=\"color: #33cccc;\">jeva2469@gmail.com<\/span><\/li>\n<\/ul>\n<h5><span style=\"color: #ff0000;\">M\u0171vel\u0151d\u00e9sszervez\u0151:<\/span><\/h5>\n<ul>\n<li><strong><span style=\"color: #99cc00;\">K\u00e1ldin\u00e9 Balib\u00e1n Anik\u00f3<\/span><\/strong>\u00a0&#8211;\u00a0<span style=\"color: #33cccc;\">kaldineaniko@freemail.hu<\/span><\/li>\n<\/ul>\n<h5><span style=\"color: #ff0000;\">K\u00f6nyvt\u00e1ros:<\/span><\/h5>\n<ul>\n<li><strong><span style=\"color: #99cc00;\">Horv\u00e1th Eszter<\/span><\/strong>\u00a0&#8211;\u00a0<span style=\"color: #33cccc;\">h_eszti@freemail.hu<\/span><\/li>\n<li><span style=\"color: #99cc00;\"><strong>Szab\u00f3 Judit<\/strong><\/span>\u00a0&#8211;\u00a0<span style=\"color: #33cccc;\">szabojuci6@gmail.com<\/span><\/li>\n<\/ul>\n<p>&nbsp;<\/p>\n","protected":false},"excerpt":{"rendered":"<p>Int\u00e9zm\u00e9nyegys\u00e9g vezet\u0151: T\u00f3th Gyul\u00e1n\u00e9\u00a0&#8211; jeva2469@gmail.com M\u0171vel\u0151d\u00e9sszervez\u0151: K\u00e1ldin\u00e9 Balib\u00e1n Anik\u00f3\u00a0&#8211;\u00a0kaldineaniko@freemail.hu K\u00f6nyvt\u00e1ros: Horv\u00e1th Eszter\u00a0&#8211;\u00a0h_eszti@freemail.hu Szab\u00f3 Judit\u00a0&#8211;\u00a0szabojuci6@gmail.com &nbsp;<\/p>\n","protected":false},"author":1,"featured_media":0,"parent":12,"menu_order":100,"comment_status":"closed","ping_status":"closed","template":"","meta":{"footnotes":""},"_links":{"self":[{"href":"https:\/\/vdamk.hu\/index.php?rest_route=\/wp\/v2\/pages\/579"}],"collection":[{"href":"https:\/\/vdamk.hu\/index.php?rest_route=\/wp\/v2\/pages"}],"about":[{"href":"https:\/\/vdamk.hu\/index.php?rest_route=\/wp\/v2\/types\/page"}],"author":[{"embeddable":true,"href":"https:\/\/vdamk.hu\/index.php?rest_route=\/wp\/v2\/users\/1"}],"replies":[{"embeddable":true,"href":"https:\/\/vdamk.hu\/index.php?rest_route=%2Fwp%2Fv2%2Fcomments&post=579"}],"version-history":[{"count":4,"href":"https:\/\/vdamk.hu\/index.php?rest_route=\/wp\/v2\/pages\/579\/revisions"}],"predecessor-version":[{"id":601,"href":"https:\/\/vdamk.hu\/index.php?rest_route=\/wp\/v2\/pages\/579\/revisions\/601"}],"up":[{"embeddable":true,"href":"https:\/\/vdamk.hu\/index.php?rest_route=\/wp\/v2\/pages\/12"}],"wp:attachment":[{"href":"https:\/\/vdamk.hu\/index.php?rest_route=%2Fwp%2Fv2%2Fmedia&parent=579"}],"curies":[{"name":"wp","href":"https:\/\/api.w.org\/{rel}","templated":true}]}}