{"id":575,"date":"2014-02-25T10:11:18","date_gmt":"2014-02-25T10:11:18","guid":{"rendered":"http:\/\/vdamk.hu\/?page_id=575"},"modified":"2014-02-25T10:11:18","modified_gmt":"2014-02-25T10:11:18","slug":"tamop-3-2-4","status":"publish","type":"page","link":"https:\/\/vdamk.hu\/?page_id=575","title":{"rendered":"T\u00c1MOP 3.2.4"},"content":{"rendered":"<p style=\"text-align: justify;\"><strong>T\u00c1MOP-3.2.4.-A-11\/1 k\u00f3dsz\u00e1m\u00fa T\u00c1MOP a \u201eTud\u00e1sdep\u00f3- Expressz\u201d a k\u00f6nyvt\u00e1ri h\u00e1l\u00f3zat nem form\u00e1lis \u00e9s inform\u00e1lis k\u00e9pz\u00e9si szerep\u00e9nek er\u0151s\u00edt\u00e9se az \u00e9lethosszig tart\u00f3 tanul\u00e1s \u00e9rdek\u00e9ben\u201d c\u00edm\u0171 p\u00e1ly\u00e1zati felh\u00edv\u00e1sra, ami szint\u00e9n a k\u00f6nyvt\u00e1r, a k\u00f6nyvt\u00e1ri szolg\u00e1ltat\u00e1sok fejleszt\u00e9s\u00e9t c\u00e9lozza meg.<\/strong><\/p>\n<p style=\"text-align: justify;\">Az elnyert t\u00e1mogat\u00e1s: <strong>24 876\u00a0910 Ft<\/strong><\/p>\n<p style=\"text-align: justify;\">A p\u00e1ly\u00e1zati t\u00e1mogat\u00e1ssal el\u00e9rni k\u00edv\u00e1ntc\u00e9lok<\/p>\n<p style=\"text-align: justify;\">A k\u00f6nyvt\u00e1rhaszn\u00e1l\u00f3k ig\u00e9nyeinek hat\u00e9konyabb kiel\u00e9g\u00edt\u00e9s\u00e9t c\u00e9lz\u00f3 szolg\u00e1ltat\u00e1sok fejleszt\u00e9se.<\/p>\n<p style=\"text-align: justify;\">T\u00e1voli el\u00e9r\u00e9s\u0171 24 \u00f3r\u00e1n kereszt\u00fcl el\u00e9rhet\u0151 k\u00f6nyvt\u00e1ri online szolg\u00e1ltat\u00e1sok megval\u00f3s\u00edt\u00e1sa.<\/p>\n<p style=\"text-align: justify;\">Olvas\u00f3kult\u00fara fejleszt\u00e9se, a k\u00f6nyvt\u00e1ri szolg\u00e1ltat\u00e1sok n\u00e9pszer\u0171s\u00edt\u00e9s\u00e9vel.<\/p>\n<p style=\"text-align: justify;\">K\u00f6telez\u0151en megval\u00f3s\u00edtand\u00f3 tev\u00e9kenys\u00e9gek, beszerz\u00e9sek<\/p>\n<p style=\"text-align: justify;\">Egys\u00e9ges orsz\u00e1gos lel\u0151helyi-nyilv\u00e1ntart\u00e1s elveihez igazod\u00f3 k\u00f6nyvt\u00e1ri elektronikus katal\u00f3gusok kialak\u00edt\u00e1sa, fejleszt\u00e9se.<\/p>\n<p style=\"text-align: justify;\"><strong>Interakt\u00edv k\u00f6nyvt\u00e1ri port\u00e1l kialak\u00edt\u00e1sa a tanul\u00e1si sz\u00fcks\u00e9gletekhez:<\/strong><\/p>\n<p style=\"text-align: justify;\">A k\u00f6telez\u0151 tev\u00e9kenys\u00e9gekhez sz\u00fcks\u00e9ges informatikai, m\u0171szaki, b\u00fator \u00e9s k\u00e9pz\u00e9s szolg\u00e1ltat\u00e1s sz\u00fcks\u00e9glet beszerz\u00e9se.<\/p>\n<p style=\"text-align: justify;\"><strong>Fenntart\u00e1si k\u00f6telezetts\u00e9g:<\/strong><\/p>\n<p style=\"text-align: justify;\">Az \u00f6t \u00e9ves id\u0151tartam alatt a k\u00f6nyvt\u00e1ri k\u00f6zszolg\u00e1ltat\u00e1sokat biztos\u00edtani kell. A beszerzett eszk\u00f6z\u00f6ket elidegen\u00edteni nem lehet. Illetve folyamatosan adatszolg\u00e1ltat\u00e1si \u00e9s dokumentum meg\u0151rz\u00e9si k\u00f6telezetts\u00e9g van.<\/p>\n","protected":false},"excerpt":{"rendered":"<p>T\u00c1MOP-3.2.4.-A-11\/1 k\u00f3dsz\u00e1m\u00fa T\u00c1MOP a \u201eTud\u00e1sdep\u00f3- Expressz\u201d a k\u00f6nyvt\u00e1ri h\u00e1l\u00f3zat nem form\u00e1lis \u00e9s inform\u00e1lis k\u00e9pz\u00e9si szerep\u00e9nek er\u0151s\u00edt\u00e9se az \u00e9lethosszig tart\u00f3 tanul\u00e1s \u00e9rdek\u00e9ben\u201d c\u00edm\u0171 p\u00e1ly\u00e1zati felh\u00edv\u00e1sra, ami szint\u00e9n a k\u00f6nyvt\u00e1r, a k\u00f6nyvt\u00e1ri szolg\u00e1ltat\u00e1sok fejleszt\u00e9s\u00e9t c\u00e9lozza meg. Az elnyert t\u00e1mogat\u00e1s: 24 876\u00a0910 Ft A p\u00e1ly\u00e1zati t\u00e1mogat\u00e1ssal el\u00e9rni k\u00edv\u00e1ntc\u00e9lok A k\u00f6nyvt\u00e1rhaszn\u00e1l\u00f3k ig\u00e9nyeinek hat\u00e9konyabb kiel\u00e9g\u00edt\u00e9s\u00e9t c\u00e9lz\u00f3 szolg\u00e1ltat\u00e1sok fejleszt\u00e9se. T\u00e1voli el\u00e9r\u00e9s\u0171 <a class=\"read-more\" href=\"https:\/\/vdamk.hu\/?page_id=575\">Read More<\/a><\/p>\n","protected":false},"author":1,"featured_media":0,"parent":14,"menu_order":0,"comment_status":"closed","ping_status":"closed","template":"","meta":{"footnotes":""},"_links":{"self":[{"href":"https:\/\/vdamk.hu\/index.php?rest_route=\/wp\/v2\/pages\/575"}],"collection":[{"href":"https:\/\/vdamk.hu\/index.php?rest_route=\/wp\/v2\/pages"}],"about":[{"href":"https:\/\/vdamk.hu\/index.php?rest_route=\/wp\/v2\/types\/page"}],"author":[{"embeddable":true,"href":"https:\/\/vdamk.hu\/index.php?rest_route=\/wp\/v2\/users\/1"}],"replies":[{"embeddable":true,"href":"https:\/\/vdamk.hu\/index.php?rest_route=%2Fwp%2Fv2%2Fcomments&post=575"}],"version-history":[{"count":1,"href":"https:\/\/vdamk.hu\/index.php?rest_route=\/wp\/v2\/pages\/575\/revisions"}],"predecessor-version":[{"id":576,"href":"https:\/\/vdamk.hu\/index.php?rest_route=\/wp\/v2\/pages\/575\/revisions\/576"}],"up":[{"embeddable":true,"href":"https:\/\/vdamk.hu\/index.php?rest_route=\/wp\/v2\/pages\/14"}],"wp:attachment":[{"href":"https:\/\/vdamk.hu\/index.php?rest_route=%2Fwp%2Fv2%2Fmedia&parent=575"}],"curies":[{"name":"wp","href":"https:\/\/api.w.org\/{rel}","templated":true}]}}