{"id":570,"date":"2014-02-25T10:05:08","date_gmt":"2014-02-25T10:05:08","guid":{"rendered":"http:\/\/vdamk.hu\/?page_id=570"},"modified":"2014-02-25T10:09:08","modified_gmt":"2014-02-25T10:09:08","slug":"tiop-1-2-3","status":"publish","type":"page","link":"https:\/\/vdamk.hu\/?page_id=570","title":{"rendered":"TIOP 1.2.3"},"content":{"rendered":"<p style=\"text-align: justify;\"><strong>TIOP-1.2.3-11\/1 k\u00f3dsz\u00e1m\u00fa, a TIOP a K\u00f6nyvt\u00e1ri szolg\u00e1ltat\u00e1sok \u00f6sszehangolt infrastrukt\u00fara- fejleszt\u00e9se \u2013 \u201eTud\u00e1sdep\u00f3 Expressz\u201d c\u00edm\u0171 p\u00e1ly\u00e1zati felh\u00edv\u00e1sra a \u201eTin\u00f3di Lantos Sebesty\u00e9n nyomdokain\u201d \u2013 a k\u00f6nyvt\u00e1ri infrastrukt\u00fara fejleszt\u00e9se a Varga Domokos \u00c1ltal\u00e1nos M\u0171vel\u0151d\u00e9si K\u00f6zpontban.<\/strong><\/p>\n<p style=\"text-align: justify;\">Az elnyert t\u00e1mogat\u00e1s: <strong>7 954 425 Ft<\/strong><\/p>\n<p style=\"text-align: justify;\">Az \u00f6sszevont k\u00f6nyvt\u00e1r \u00e9s m\u0171vel\u0151d\u00e9si h\u00e1z int\u00e9zm\u00e9nyegys\u00e9g\u00fcnkben a sz\u00e1m\u00edt\u00f3g\u00e9pes infrastrukt\u00fara b\u0151v\u00edt\u00e9se elengedhetetlen ahhoz, hogy tov\u00e1bb tudjunk l\u00e9pni, hogy olyan \u00e9rdekl\u0151d\u0151k is a k\u00f6nyvt\u00e1r fel\u00e9 forduljanak, akik els\u0151dlegesen az elektronikus inform\u00e1ci\u00f3szolg\u00e1ltat\u00e1sra tartan\u00e1nak ig\u00e9nyt, keresik az Internet lehet\u0151s\u00e9g\u00e9t, esetleg a k\u00f6nyvt\u00e1rat virtu\u00e1lisan haszn\u00e1ln\u00e1k.<\/p>\n<p style=\"text-align: justify;\">Olvas\u00f3ink alapvet\u0151 elv\u00e1r\u00e1sa, biztos\u00edtani a k\u00f6nyvt\u00e1r 24 \u00f3r\u00e1s on-line el\u00e9r\u00e9s\u00e9t, hogy k\u00fcl\u00f6nb\u00f6z\u0151 szolg\u00e1ltat\u00e1sokat ny\u00fajtson az oktat\u00e1s-k\u00e9pz\u00e9s k\u00fcl\u00f6nb\u00f6z\u0151 form\u00e1iban r\u00e9sztvev\u0151knek, valamint a fogyat\u00e9kosoknak, a h\u00e1tr\u00e1nyos helyzet\u0171ek sz\u00e1m\u00e1ra.<\/p>\n<p style=\"text-align: justify;\">Az egyik legfontosabb c\u00e9lunk az infrastrukt\u00fara-fejleszt\u00e9ssel a nem form\u00e1lis \u00e9s az inform\u00e1lis tanul\u00e1s, a t\u00e1j\u00e9koztat\u00e1s t\u00e1mogat\u00e1sa.<\/p>\n<p style=\"text-align: justify;\">El\u0151 k\u00edv\u00e1njuk seg\u00edteni a v\u00e1rosunkban, a kist\u00e9rs\u00e9gben \u00e9l\u0151k \u00e9letmin\u0151s\u00e9g\u00e9nek jav\u00edt\u00e1s\u00e1t, a k\u00f6zm\u0171vel\u0151d\u00e9si szolg\u00e1ltat\u00e1sok el\u00e9rhet\u0151s\u00e9g\u00e9nek jav\u00edt\u00e1s\u00e1t.<\/p>\n<p style=\"text-align: justify;\">Egyenl\u0151 es\u00e9ly\u0171 hozz\u00e1f\u00e9r\u00e9s felt\u00e9teleinek megteremt\u00e9s\u00e9vel \u00faj lakoss\u00e1gi r\u00e9tegeket k\u00edv\u00e1nunk bevonni a szolg\u00e1ltat\u00e1sok k\u00f6r\u00e9be.<\/p>\n<p style=\"text-align: justify;\">Az integr\u00e1lt k\u00f6nyvt\u00e1ri rendszer fejleszt\u00e9se, az on-line szolg\u00e1ltat\u00e1sok bevezet\u00e9se a hozz\u00e1f\u00e9r\u00e9s n\u00f6vel\u00e9s\u00e9vel a jelenlegin\u00e9l sz\u00e9lesebb k\u00f6rben kapcsolja be a lakoss\u00e1got a hagyom\u00e1nyos \u00e9s on-line szolg\u00e1ltat\u00e1sokba. Ezek mellett term\u00e9szetesen a fogyat\u00e9kkal \u00e9l\u0151k, a h\u00e1tr\u00e1nyos helyzet\u0171eket t\u00e1mogat\u00f3 fejleszt\u00e9sek is tov\u00e1bbi fontos c\u00e9lt k\u00e9peznek.<\/p>\n<p style=\"text-align: justify;\">K\u00f6nyvt\u00e1runk lemarad\u00e1sa a g\u00e9pes\u00edt\u00e9s ter\u00e9n mindenk\u00e9ppen tov\u00e1bbl\u00e9p\u00e9st ig\u00e9nyel! A n\u00e9h\u00e1ny \u00e9vvel ezel\u0151tti k\u00f6nyvt\u00e1ri szakfel\u00fcgyeleti vizsg\u00e1lat is egyik f\u0151 hi\u00e1nyoss\u00e1gk\u00e9nt emelte ki a sz\u00e1m\u00edt\u00f3g\u00e9ppark illetve a k\u00f6nyvt\u00e1ri honlap hi\u00e1ny\u00e1t, hiszen csak \u00fajabb g\u00e9pek be\u00e1ll\u00edt\u00e1s\u00e1val tudja megval\u00f3s\u00edtani a k\u00f6nyvt\u00e1r az elektronikus szolg\u00e1ltat\u00e1sok elind\u00edt\u00e1s\u00e1t, amelyhez nemcsak k\u00f6nyvt\u00e1rosi munkag\u00e9pekre, hanem felhaszn\u00e1l\u00f3i g\u00e9pekre, illetve a SZIR\u00c9N k\u00f6nyvt\u00e1ri szoftverre is nagy sz\u00fcks\u00e9g van.<\/p>\n<p style=\"text-align: justify;\">A k\u00f6nyvt\u00e1ri honlap szint\u00e9n elengedhetetlen\u00fcl fontos a mai, folyton v\u00e1ltoz\u00f3 vil\u00e1gunkban, amelyet folyamatosan friss\u00edteni kell, az olvas\u00f3kat eligaz\u00edt\u00f3, t\u00e1j\u00e9koztat\u00f3 inform\u00e1ci\u00f3val felt\u00f6lteni.<\/p>\n<p style=\"text-align: justify;\">Jelenleg, ha viszony\u00edtani akarok a megye t\u00f6bbi v\u00e1rosi k\u00f6nyvt\u00e1r\u00e1hoz, mind a dolgoz\u00f3k l\u00e9tsz\u00e1m\u00e1ban, mind a sz\u00e1m\u00edt\u00f3g\u00e9pes infrastrukt\u00fara tekintet\u00e9ben szinte a legalul- maradottabbak vagyunk.<\/p>\n<p style=\"text-align: justify;\">Nagyon j\u00f3 lenne a j\u00f3 ir\u00e1nyba elindulni, egy j\u00f3 k\u00f6nyvt\u00e1rat csin\u00e1lni, ez\u00e9rt is \u00f6rvendetes sikeres r\u00e9szv\u00e9tel\u00fcnk ezen a p\u00e1ly\u00e1zaton, hogy az el\u0151z\u0151ekben megfogalmazott c\u00e9lokat meg tudjuk val\u00f3s\u00edtani.<\/p>\n","protected":false},"excerpt":{"rendered":"<p>TIOP-1.2.3-11\/1 k\u00f3dsz\u00e1m\u00fa, a TIOP a K\u00f6nyvt\u00e1ri szolg\u00e1ltat\u00e1sok \u00f6sszehangolt infrastrukt\u00fara- fejleszt\u00e9se \u2013 \u201eTud\u00e1sdep\u00f3 Expressz\u201d c\u00edm\u0171 p\u00e1ly\u00e1zati felh\u00edv\u00e1sra a \u201eTin\u00f3di Lantos Sebesty\u00e9n nyomdokain\u201d \u2013 a k\u00f6nyvt\u00e1ri infrastrukt\u00fara fejleszt\u00e9se a Varga Domokos \u00c1ltal\u00e1nos M\u0171vel\u0151d\u00e9si K\u00f6zpontban. Az elnyert t\u00e1mogat\u00e1s: 7 954 425 Ft Az \u00f6sszevont k\u00f6nyvt\u00e1r \u00e9s m\u0171vel\u0151d\u00e9si h\u00e1z int\u00e9zm\u00e9nyegys\u00e9g\u00fcnkben a sz\u00e1m\u00edt\u00f3g\u00e9pes infrastrukt\u00fara b\u0151v\u00edt\u00e9se elengedhetetlen ahhoz, hogy tov\u00e1bb tudjunk <a class=\"read-more\" href=\"https:\/\/vdamk.hu\/?page_id=570\">Read More<\/a><\/p>\n","protected":false},"author":1,"featured_media":0,"parent":14,"menu_order":0,"comment_status":"closed","ping_status":"closed","template":"","meta":{"footnotes":""},"_links":{"self":[{"href":"https:\/\/vdamk.hu\/index.php?rest_route=\/wp\/v2\/pages\/570"}],"collection":[{"href":"https:\/\/vdamk.hu\/index.php?rest_route=\/wp\/v2\/pages"}],"about":[{"href":"https:\/\/vdamk.hu\/index.php?rest_route=\/wp\/v2\/types\/page"}],"author":[{"embeddable":true,"href":"https:\/\/vdamk.hu\/index.php?rest_route=\/wp\/v2\/users\/1"}],"replies":[{"embeddable":true,"href":"https:\/\/vdamk.hu\/index.php?rest_route=%2Fwp%2Fv2%2Fcomments&post=570"}],"version-history":[{"count":4,"href":"https:\/\/vdamk.hu\/index.php?rest_route=\/wp\/v2\/pages\/570\/revisions"}],"predecessor-version":[{"id":574,"href":"https:\/\/vdamk.hu\/index.php?rest_route=\/wp\/v2\/pages\/570\/revisions\/574"}],"up":[{"embeddable":true,"href":"https:\/\/vdamk.hu\/index.php?rest_route=\/wp\/v2\/pages\/14"}],"wp:attachment":[{"href":"https:\/\/vdamk.hu\/index.php?rest_route=%2Fwp%2Fv2%2Fmedia&parent=570"}],"curies":[{"name":"wp","href":"https:\/\/api.w.org\/{rel}","templated":true}]}}