{"id":565,"date":"2014-02-25T09:49:43","date_gmt":"2014-02-25T09:49:43","guid":{"rendered":"http:\/\/vdamk.hu\/?page_id=565"},"modified":"2014-04-02T13:43:58","modified_gmt":"2014-04-02T13:43:58","slug":"intezmenyegysegeink","status":"publish","type":"page","link":"https:\/\/vdamk.hu\/?page_id=565","title":{"rendered":"Int\u00e9zm\u00e9nyegys\u00e9geink"},"content":{"rendered":"<p>Felt\u00f6lt\u00e9s alatt&#8230;<\/p>\n","protected":false},"excerpt":{"rendered":"<p>Felt\u00f6lt\u00e9s alatt&#8230;<\/p>\n","protected":false},"author":1,"featured_media":0,"parent":12,"menu_order":10,"comment_status":"closed","ping_status":"closed","template":"","meta":{"footnotes":""},"_links":{"self":[{"href":"https:\/\/vdamk.hu\/index.php?rest_route=\/wp\/v2\/pages\/565"}],"collection":[{"href":"https:\/\/vdamk.hu\/index.php?rest_route=\/wp\/v2\/pages"}],"about":[{"href":"https:\/\/vdamk.hu\/index.php?rest_route=\/wp\/v2\/types\/page"}],"author":[{"embeddable":true,"href":"https:\/\/vdamk.hu\/index.php?rest_route=\/wp\/v2\/users\/1"}],"replies":[{"embeddable":true,"href":"https:\/\/vdamk.hu\/index.php?rest_route=%2Fwp%2Fv2%2Fcomments&post=565"}],"version-history":[{"count":2,"href":"https:\/\/vdamk.hu\/index.php?rest_route=\/wp\/v2\/pages\/565\/revisions"}],"predecessor-version":[{"id":678,"href":"https:\/\/vdamk.hu\/index.php?rest_route=\/wp\/v2\/pages\/565\/revisions\/678"}],"up":[{"embeddable":true,"href":"https:\/\/vdamk.hu\/index.php?rest_route=\/wp\/v2\/pages\/12"}],"wp:attachment":[{"href":"https:\/\/vdamk.hu\/index.php?rest_route=%2Fwp%2Fv2%2Fmedia&parent=565"}],"curies":[{"name":"wp","href":"https:\/\/api.w.org\/{rel}","templated":true}]}}