{"id":44,"date":"2014-02-22T09:13:24","date_gmt":"2014-02-22T09:13:24","guid":{"rendered":"http:\/\/vdamk.hu\/?page_id=44"},"modified":"2014-02-25T09:40:49","modified_gmt":"2014-02-25T09:40:49","slug":"konyvtar","status":"publish","type":"page","link":"https:\/\/vdamk.hu\/?page_id=44","title":{"rendered":"K\u00f6nyvt\u00e1runk"},"content":{"rendered":"<p><img loading=\"lazy\" decoding=\"async\" class=\"alignnone size-medium wp-image-549\" alt=\"konyv\" src=\"https:\/\/vdamk.hu\/wp-content\/uploads\/2014\/02\/konyv-300x234.png\" width=\"300\" height=\"234\" srcset=\"https:\/\/vdamk.hu\/wp-content\/uploads\/2014\/02\/konyv-300x234.png 300w, https:\/\/vdamk.hu\/wp-content\/uploads\/2014\/02\/konyv-1024x798.png 1024w, https:\/\/vdamk.hu\/wp-content\/uploads\/2014\/02\/konyv.png 2000w\" sizes=\"(max-width: 300px) 100vw, 300px\" \/><\/p>\n<p>Tisztelt L\u00e1togat\u00f3!<\/p>\n<p>A Tin\u00f3di Lantos Sebesty\u00e9n k\u00f6nyvt\u00e1r weboldala a k\u00f6vetkez\u0151 linken \u00e9rhet\u0151 el:<\/p>\n<h3><span style=\"color: #3366ff;\"><a href=\"http:\/\/www.tinodilantos.hu\" target=\"_blank\"><span style=\"color: #3366ff;\">KLIKK<\/span><\/a><\/span><\/h3>\n","protected":false},"excerpt":{"rendered":"<p>Tisztelt L\u00e1togat\u00f3! A Tin\u00f3di Lantos Sebesty\u00e9n k\u00f6nyvt\u00e1r weboldala a k\u00f6vetkez\u0151 linken \u00e9rhet\u0151 el: KLIKK<\/p>\n","protected":false},"author":1,"featured_media":0,"parent":0,"menu_order":5,"comment_status":"closed","ping_status":"closed","template":"","meta":{"footnotes":""},"_links":{"self":[{"href":"https:\/\/vdamk.hu\/index.php?rest_route=\/wp\/v2\/pages\/44"}],"collection":[{"href":"https:\/\/vdamk.hu\/index.php?rest_route=\/wp\/v2\/pages"}],"about":[{"href":"https:\/\/vdamk.hu\/index.php?rest_route=\/wp\/v2\/types\/page"}],"author":[{"embeddable":true,"href":"https:\/\/vdamk.hu\/index.php?rest_route=\/wp\/v2\/users\/1"}],"replies":[{"embeddable":true,"href":"https:\/\/vdamk.hu\/index.php?rest_route=%2Fwp%2Fv2%2Fcomments&post=44"}],"version-history":[{"count":7,"href":"https:\/\/vdamk.hu\/index.php?rest_route=\/wp\/v2\/pages\/44\/revisions"}],"predecessor-version":[{"id":559,"href":"https:\/\/vdamk.hu\/index.php?rest_route=\/wp\/v2\/pages\/44\/revisions\/559"}],"wp:attachment":[{"href":"https:\/\/vdamk.hu\/index.php?rest_route=%2Fwp%2Fv2%2Fmedia&parent=44"}],"curies":[{"name":"wp","href":"https:\/\/api.w.org\/{rel}","templated":true}]}}