{"id":40,"date":"2014-02-22T09:11:42","date_gmt":"2014-02-22T09:11:42","guid":{"rendered":"http:\/\/vdamk.hu\/?page_id=40"},"modified":"2014-09-09T10:35:07","modified_gmt":"2014-09-09T10:35:07","slug":"dokumentumok","status":"publish","type":"page","link":"https:\/\/vdamk.hu\/?page_id=40","title":{"rendered":"Dokumentumok"},"content":{"rendered":"<ul>\n<li><span style=\"color: #99cc00;\"><strong><a href=\"https:\/\/vdamk.hu\/wp-content\/uploads\/2014\/02\/sz\u00f6-celokteruletek.pdf\"><span style=\"color: #99cc00;\">C\u00e9lok \u00e9s ter\u00fcletek<\/span><\/a><\/strong><\/span><\/li>\n<li><span style=\"color: #99cc00;\"><strong><a href=\"https:\/\/vdamk.hu\/wp-content\/uploads\/2014\/02\/sz\u00f6-foglalkozasok.pdf\"><span style=\"color: #99cc00;\">Foglalkoz\u00e1sok<\/span><\/a><\/strong><\/span><\/li>\n<li><span style=\"color: #99cc00;\"><strong><a href=\"https:\/\/vdamk.hu\/wp-content\/uploads\/2014\/02\/sz\u00f6-nevsor.pdf\"><span style=\"color: #99cc00;\">A foglalkoz\u00e1sokra jelentkezett tanul\u00f3k n\u00e9vsora<\/span><\/a><\/strong><\/span><\/li>\n<li><span style=\"color: #99cc00;\"><strong><a href=\"https:\/\/vdamk.hu\/wp-content\/uploads\/2014\/02\/sz\u00f6-beszamolo2013..pdf\"><span style=\"color: #99cc00;\">Besz\u00e1mol\u00f3 az eredm\u00e9nyekr\u0151l<\/span><\/a><\/strong><\/span><\/li>\n<\/ul>\n","protected":false},"excerpt":{"rendered":"<p>C\u00e9lok \u00e9s ter\u00fcletek Foglalkoz\u00e1sok A foglalkoz\u00e1sokra jelentkezett tanul\u00f3k n\u00e9vsora Besz\u00e1mol\u00f3 az eredm\u00e9nyekr\u0151l<\/p>\n","protected":false},"author":1,"featured_media":0,"parent":18,"menu_order":50,"comment_status":"closed","ping_status":"closed","template":"","meta":{"footnotes":""},"_links":{"self":[{"href":"https:\/\/vdamk.hu\/index.php?rest_route=\/wp\/v2\/pages\/40"}],"collection":[{"href":"https:\/\/vdamk.hu\/index.php?rest_route=\/wp\/v2\/pages"}],"about":[{"href":"https:\/\/vdamk.hu\/index.php?rest_route=\/wp\/v2\/types\/page"}],"author":[{"embeddable":true,"href":"https:\/\/vdamk.hu\/index.php?rest_route=\/wp\/v2\/users\/1"}],"replies":[{"embeddable":true,"href":"https:\/\/vdamk.hu\/index.php?rest_route=%2Fwp%2Fv2%2Fcomments&post=40"}],"version-history":[{"count":7,"href":"https:\/\/vdamk.hu\/index.php?rest_route=\/wp\/v2\/pages\/40\/revisions"}],"predecessor-version":[{"id":998,"href":"https:\/\/vdamk.hu\/index.php?rest_route=\/wp\/v2\/pages\/40\/revisions\/998"}],"up":[{"embeddable":true,"href":"https:\/\/vdamk.hu\/index.php?rest_route=\/wp\/v2\/pages\/18"}],"wp:attachment":[{"href":"https:\/\/vdamk.hu\/index.php?rest_route=%2Fwp%2Fv2%2Fmedia&parent=40"}],"curies":[{"name":"wp","href":"https:\/\/api.w.org\/{rel}","templated":true}]}}