{"id":14,"date":"2014-02-22T09:01:49","date_gmt":"2014-02-22T09:01:49","guid":{"rendered":"http:\/\/vdamk.hu\/?page_id=14"},"modified":"2014-04-02T13:41:10","modified_gmt":"2014-04-02T13:41:10","slug":"palyazatok","status":"publish","type":"page","link":"https:\/\/vdamk.hu\/?page_id=14","title":{"rendered":"P\u00e1ly\u00e1zataink"},"content":{"rendered":"<p>Tisztelt L\u00e1togat\u00f3!<\/p>\n<p>A P\u00e1ly\u00e1zatok f\u00fclb\u0151l leny\u00edl\u00f3 men\u00fcben v\u00e1laszthat a m\u00e1r lezajlott vagy \u00e9ppen folyamatban l\u00e9v\u0151 p\u00e1ly\u00e1zatok k\u00f6z\u00fcl!<\/p>\n","protected":false},"excerpt":{"rendered":"<p>Tisztelt L\u00e1togat\u00f3! A P\u00e1ly\u00e1zatok f\u00fclb\u0151l leny\u00edl\u00f3 men\u00fcben v\u00e1laszthat a m\u00e1r lezajlott vagy \u00e9ppen folyamatban l\u00e9v\u0151 p\u00e1ly\u00e1zatok k\u00f6z\u00fcl!<\/p>\n","protected":false},"author":1,"featured_media":0,"parent":12,"menu_order":10,"comment_status":"closed","ping_status":"open","template":"","meta":{"footnotes":""},"_links":{"self":[{"href":"https:\/\/vdamk.hu\/index.php?rest_route=\/wp\/v2\/pages\/14"}],"collection":[{"href":"https:\/\/vdamk.hu\/index.php?rest_route=\/wp\/v2\/pages"}],"about":[{"href":"https:\/\/vdamk.hu\/index.php?rest_route=\/wp\/v2\/types\/page"}],"author":[{"embeddable":true,"href":"https:\/\/vdamk.hu\/index.php?rest_route=\/wp\/v2\/users\/1"}],"replies":[{"embeddable":true,"href":"https:\/\/vdamk.hu\/index.php?rest_route=%2Fwp%2Fv2%2Fcomments&post=14"}],"version-history":[{"count":5,"href":"https:\/\/vdamk.hu\/index.php?rest_route=\/wp\/v2\/pages\/14\/revisions"}],"predecessor-version":[{"id":560,"href":"https:\/\/vdamk.hu\/index.php?rest_route=\/wp\/v2\/pages\/14\/revisions\/560"}],"up":[{"embeddable":true,"href":"https:\/\/vdamk.hu\/index.php?rest_route=\/wp\/v2\/pages\/12"}],"wp:attachment":[{"href":"https:\/\/vdamk.hu\/index.php?rest_route=%2Fwp%2Fv2%2Fmedia&parent=14"}],"curies":[{"name":"wp","href":"https:\/\/api.w.org\/{rel}","templated":true}]}}