{"id":1248,"date":"2015-10-20T06:52:11","date_gmt":"2015-10-20T06:52:11","guid":{"rendered":"http:\/\/vdamk.hu\/?page_id=1248"},"modified":"2015-10-20T06:52:11","modified_gmt":"2015-10-20T06:52:11","slug":"csoportok","status":"publish","type":"page","link":"https:\/\/vdamk.hu\/?page_id=1248","title":{"rendered":"Csoportok"},"content":{"rendered":"<p>\u00d3vod\u00e1nk h\u00e1rom csoportos. Kis-, k\u00f6z\u00e9ps\u0151- \u00e9s nagycsoport m\u0171k\u00f6dik az \u00e9p\u00fcletben.<\/p>\n<h4>M\u00e9hecske csoport (kiscsoport)<\/h4>\n<p><strong>\u00d3v\u00f3n\u0151<\/strong>: Fangn\u00e9 Szigetf\u0171 Katalin \u00e9s S\u00e9rt\u0151n\u00e9 Sz\u00e9kely Katalin<\/p>\n<p><strong>Dadus<\/strong>: Tolnai Istv\u00e1nn\u00e9 (Kati n\u00e9ni)<\/p>\n<h4>Pillang\u00f3 csoport (k\u00f6z\u00e9ps\u0151s csoport)<\/h4>\n<p><strong>\u00d3v\u00f3n\u0151<\/strong>: Szab\u00f3 Zolt\u00e1nn\u00e9 (Emmi n\u00e9ni)<\/p>\n<p><strong>Dadus<\/strong>: Asztalos J\u00e1nosn\u00e9 (Erzsi n\u00e9ni) \u00e9s Sz\u0151ke B\u00e1lintn\u00e9 (Edit n\u00e9ni)<\/p>\n<h4>Katica csoport (nagycsoport)<\/h4>\n<p><strong>\u00d3v\u00f3n\u0151<\/strong>: Cs\u00e1kai L\u00e1szl\u00f3n\u00e9 (Erzsike n\u00e9ni) \u00e9s Sz\u00e1ntain\u00e9 Szilasi \u00c9va<\/p>\n<p><strong>Dadus<\/strong>: Karam\u00e1n M\u00e1ria \u00e9s Mikulesz D\u00f3ra<\/p>\n","protected":false},"excerpt":{"rendered":"<p>\u00d3vod\u00e1nk h\u00e1rom csoportos. Kis-, k\u00f6z\u00e9ps\u0151- \u00e9s nagycsoport m\u0171k\u00f6dik az \u00e9p\u00fcletben. M\u00e9hecske csoport (kiscsoport) \u00d3v\u00f3n\u0151: Fangn\u00e9 Szigetf\u0171 Katalin \u00e9s S\u00e9rt\u0151n\u00e9 Sz\u00e9kely Katalin Dadus: Tolnai Istv\u00e1nn\u00e9 (Kati n\u00e9ni) Pillang\u00f3 csoport (k\u00f6z\u00e9ps\u0151s csoport) \u00d3v\u00f3n\u0151: Szab\u00f3 Zolt\u00e1nn\u00e9 (Emmi n\u00e9ni) Dadus: Asztalos J\u00e1nosn\u00e9 (Erzsi n\u00e9ni) \u00e9s Sz\u0151ke B\u00e1lintn\u00e9 (Edit n\u00e9ni) Katica csoport (nagycsoport) \u00d3v\u00f3n\u0151: Cs\u00e1kai L\u00e1szl\u00f3n\u00e9 (Erzsike n\u00e9ni) \u00e9s Sz\u00e1ntain\u00e9 <a class=\"read-more\" href=\"https:\/\/vdamk.hu\/?page_id=1248\">Read More<\/a><\/p>\n","protected":false},"author":1,"featured_media":0,"parent":740,"menu_order":0,"comment_status":"closed","ping_status":"closed","template":"","meta":{"footnotes":""},"_links":{"self":[{"href":"https:\/\/vdamk.hu\/index.php?rest_route=\/wp\/v2\/pages\/1248"}],"collection":[{"href":"https:\/\/vdamk.hu\/index.php?rest_route=\/wp\/v2\/pages"}],"about":[{"href":"https:\/\/vdamk.hu\/index.php?rest_route=\/wp\/v2\/types\/page"}],"author":[{"embeddable":true,"href":"https:\/\/vdamk.hu\/index.php?rest_route=\/wp\/v2\/users\/1"}],"replies":[{"embeddable":true,"href":"https:\/\/vdamk.hu\/index.php?rest_route=%2Fwp%2Fv2%2Fcomments&post=1248"}],"version-history":[{"count":1,"href":"https:\/\/vdamk.hu\/index.php?rest_route=\/wp\/v2\/pages\/1248\/revisions"}],"predecessor-version":[{"id":1249,"href":"https:\/\/vdamk.hu\/index.php?rest_route=\/wp\/v2\/pages\/1248\/revisions\/1249"}],"up":[{"embeddable":true,"href":"https:\/\/vdamk.hu\/index.php?rest_route=\/wp\/v2\/pages\/740"}],"wp:attachment":[{"href":"https:\/\/vdamk.hu\/index.php?rest_route=%2Fwp%2Fv2%2Fmedia&parent=1248"}],"curies":[{"name":"wp","href":"https:\/\/api.w.org\/{rel}","templated":true}]}}