{"id":1243,"date":"2015-10-18T10:01:27","date_gmt":"2015-10-18T10:01:27","guid":{"rendered":"http:\/\/vdamk.hu\/?page_id=1243"},"modified":"2025-09-12T12:08:55","modified_gmt":"2025-09-12T11:08:55","slug":"kepgaleria","status":"publish","type":"page","link":"https:\/\/vdamk.hu\/?page_id=1243","title":{"rendered":"K\u00e9pgal\u00e9ria"},"content":{"rendered":"<p>F\u00e9nyk\u00e9peinket a P\u00f6tt\u00f6m Park \u00d3voda <strong><a href=\"https:\/\/www.facebook.com\/profile.php?id=100009584045549&amp;fref=ts\"><span style=\"color: #3366ff;\">Facebook<\/span> <\/a><\/strong>oldal\u00e1n tekinthetik meg.<\/p>\n","protected":false},"excerpt":{"rendered":"<p>F\u00e9nyk\u00e9peinket a P\u00f6tt\u00f6m Park \u00d3voda Facebook oldal\u00e1n tekinthetik meg.<\/p>\n","protected":false},"author":1,"featured_media":0,"parent":1227,"menu_order":0,"comment_status":"closed","ping_status":"closed","template":"","meta":{"footnotes":""},"_links":{"self":[{"href":"https:\/\/vdamk.hu\/index.php?rest_route=\/wp\/v2\/pages\/1243"}],"collection":[{"href":"https:\/\/vdamk.hu\/index.php?rest_route=\/wp\/v2\/pages"}],"about":[{"href":"https:\/\/vdamk.hu\/index.php?rest_route=\/wp\/v2\/types\/page"}],"author":[{"embeddable":true,"href":"https:\/\/vdamk.hu\/index.php?rest_route=\/wp\/v2\/users\/1"}],"replies":[{"embeddable":true,"href":"https:\/\/vdamk.hu\/index.php?rest_route=%2Fwp%2Fv2%2Fcomments&post=1243"}],"version-history":[{"count":1,"href":"https:\/\/vdamk.hu\/index.php?rest_route=\/wp\/v2\/pages\/1243\/revisions"}],"predecessor-version":[{"id":1244,"href":"https:\/\/vdamk.hu\/index.php?rest_route=\/wp\/v2\/pages\/1243\/revisions\/1244"}],"up":[{"embeddable":true,"href":"https:\/\/vdamk.hu\/index.php?rest_route=\/wp\/v2\/pages\/1227"}],"wp:attachment":[{"href":"https:\/\/vdamk.hu\/index.php?rest_route=%2Fwp%2Fv2%2Fmedia&parent=1243"}],"curies":[{"name":"wp","href":"https:\/\/api.w.org\/{rel}","templated":true}]}}