{"id":1137,"date":"2015-06-28T10:40:20","date_gmt":"2015-06-28T10:40:20","guid":{"rendered":"http:\/\/vdamk.hu\/?page_id=1137"},"modified":"2015-06-28T10:48:47","modified_gmt":"2015-06-28T10:48:47","slug":"ntp-rtp-140014","status":"publish","type":"page","link":"https:\/\/vdamk.hu\/?page_id=1137","title":{"rendered":"NTP- RTP 140014"},"content":{"rendered":"<p><a href=\"https:\/\/vdamk.hu\/wp-content\/uploads\/2015\/06\/1.jpg\"><img loading=\"lazy\" decoding=\"async\" class=\"alignnone size-full wp-image-1138\" src=\"https:\/\/vdamk.hu\/wp-content\/uploads\/2015\/06\/1.jpg\" alt=\"1\" width=\"425\" height=\"230\" srcset=\"https:\/\/vdamk.hu\/wp-content\/uploads\/2015\/06\/1.jpg 425w, https:\/\/vdamk.hu\/wp-content\/uploads\/2015\/06\/1-300x162.jpg 300w\" sizes=\"(max-width: 425px) 100vw, 425px\" \/><\/a> <a href=\"https:\/\/vdamk.hu\/wp-content\/uploads\/2015\/06\/2.jpg\"><img loading=\"lazy\" decoding=\"async\" class=\"alignnone size-large wp-image-1139\" src=\"https:\/\/vdamk.hu\/wp-content\/uploads\/2015\/06\/2.jpg\" alt=\"2\" width=\"578\" height=\"236\" srcset=\"https:\/\/vdamk.hu\/wp-content\/uploads\/2015\/06\/2.jpg 578w, https:\/\/vdamk.hu\/wp-content\/uploads\/2015\/06\/2-300x122.jpg 300w\" sizes=\"(max-width: 578px) 100vw, 578px\" \/><\/a> <a href=\"https:\/\/vdamk.hu\/wp-content\/uploads\/2015\/06\/3.jpg\"><img loading=\"lazy\" decoding=\"async\" class=\"alignnone size-large wp-image-1140\" src=\"https:\/\/vdamk.hu\/wp-content\/uploads\/2015\/06\/3.jpg\" alt=\"3\" width=\"271\" height=\"186\" \/><\/a> <a href=\"https:\/\/vdamk.hu\/wp-content\/uploads\/2015\/06\/4.jpg\"><img loading=\"lazy\" decoding=\"async\" class=\"alignnone size-large wp-image-1141\" src=\"https:\/\/vdamk.hu\/wp-content\/uploads\/2015\/06\/4.jpg\" alt=\"4\" width=\"383\" height=\"131\" srcset=\"https:\/\/vdamk.hu\/wp-content\/uploads\/2015\/06\/4.jpg 383w, https:\/\/vdamk.hu\/wp-content\/uploads\/2015\/06\/4-300x103.jpg 300w\" sizes=\"(max-width: 383px) 100vw, 383px\" \/><\/a><\/p>\n<h4 style=\"text-align: justify;\">\u201eB\u00c1BOK \u00c1LMA \u00c9LETRE KELNI\u201d<\/h4>\n<p style=\"text-align: justify;\">A nyertes p\u00e1ly\u00e1zat 2015. \u00e1prilis 8. \u00e9s 2015. j\u00fanius 30. k\u00f6z\u00f6tt ker\u00fcl megval\u00f3s\u00edt\u00e1sra.<\/p>\n<p style=\"text-align: justify;\">A p\u00e1ly\u00e1zatba bevont tanul\u00f3k valamennyien a VD\u00c1I \u00e9s AMI fels\u0151 tagozatos tanul\u00f3i.<\/p>\n<p style=\"text-align: justify;\">C\u00e9lunk a<strong>\u00a0<\/strong>p\u00e1ly\u00e1zatba bevont tanul\u00f3k kommunik\u00e1ci\u00f3s k\u00e9pess\u00e9g\u00e9nek, fant\u00e1zi\u00e1j\u00e1nak, kapcsolatteremt\u0151 k\u00e9pess\u00e9g\u00e9nek, seg\u00edt\u0151k\u00e9szs\u00e9g\u00e9nek fejleszt\u00e9se,\u00a0tov\u00e1bb\u00e1 legyen r\u00e9sz\u00fck a k\u00f6z\u00f6s tev\u00e9kenys\u00e9g \u00f6r\u00f6m\u00e9ben, n\u00f6vekedjen \u00f6n\u00e9rt\u00e9kel\u00e9s\u00fck, \u00f6nbizalmuk, magabiztoss\u00e1guk.<\/p>\n<h4>Kezdetek<\/h4>\n<p><i>[slideshow_deploy id=&#8217;1144&#8242;]<\/i><\/p>\n<h4>K\u00e9sz\u00fclnek a b\u00e1bok tervei<\/h4>\n<p><i>[slideshow_deploy id=&#8217;1155&#8242;]<\/i><\/p>\n<h4>V\u00e1rjuk az el\u0151ad\u00e1st<\/h4>\n<p><i>[slideshow_deploy id=&#8217;1161&#8242;]<\/i><\/p>\n<h4>Cir\u00f3ka B\u00e1bsz\u00ednh\u00e1z<\/h4>\n<p><i>[slideshow_deploy id=&#8217;1168&#8242;]<\/i><\/p>\n<h4>Sz\u00ednh\u00e1zi \u00e9lm\u00e9nyeink rajzban<\/h4>\n<p><i>[slideshow_deploy id=&#8217;1180&#8242;]<\/i><\/p>\n<h4>A b\u00e1bok &#8222;\u00e9letre kelnek&#8221;<\/h4>\n<p><i>[slideshow_deploy id=&#8217;1189&#8242;]<\/i><\/p>\n<h4>Z\u00e1r\u00f3 besz\u00e1mol\u00f3<\/h4>\n<p style=\"text-align: justify;\"><strong>NTP- RTP- 14-0014<\/strong><\/p>\n<p style=\"text-align: justify;\"><strong>\u201e B\u00e1bok \u00e1lma: \u00e9letre kelni!\u201d<\/strong><\/p>\n<p style=\"text-align: justify;\">A nyertes p\u00e1ly\u00e1zat 2015. \u00e1prilis 8. \u00e9s 2015. j\u00fanius 30. k\u00f6z\u00f6tt ker\u00fclt megval\u00f3s\u00edt\u00e1sra. A p\u00e1ly\u00e1zatba bevont tanul\u00f3k valamennyien a VD\u00c1I \u00e9s AMI fels\u0151 tagozatos tanul\u00f3i.<\/p>\n<p style=\"text-align: justify;\">A foglalkoz\u00e1sok sor\u00e1n a di\u00e1kok nyitottak voltak egym\u00e1s megismer\u00e9s\u00e9re, saj\u00e1t szem\u00e9lyis\u00e9g\u00fck \u00f6n\u00e9rt\u00e9kel\u00e9s\u00e9re, \u00edgy hat\u00e9konyan megval\u00f3sult a t\u00e1rsas kapcsolatok fejleszt\u00e9s\u00e9nek lehet\u0151s\u00e9ge. A di\u00e1kok \u00e1ltal v\u00e1lasztott mese megismer\u00e9se \u00e9s feldolgoz\u00e1sa sor\u00e1n asszoci\u00e1ci\u00f3s k\u00e9szs\u00e9g\u00fck \u00e9s fant\u00e1zi\u00e1juk is fejl\u0151d\u00f6tt. Hatalmas \u00e9lm\u00e9ny volt sz\u00e1mukra az \u00f3vod\u00e1soknak tartott b\u00e1bel\u0151ad\u00e1s, melyen mindegyik szerepl\u0151 \u00fcgyesen haszn\u00e1lta a foglalkoz\u00e1sokon l\u00e1tottakat, tanultakat.<\/p>\n<p style=\"text-align: justify;\">Az el\u0151re elk\u00e9sz\u00edtett tematika lehet\u0151s\u00e9get biztos\u00edtott a tanul\u00f3k szem\u00e9lyis\u00e9g\u00e9nek sokir\u00e1ny\u00fa fejleszt\u00e9s\u00e9re. \u00a0Voltak olyan feladatok, amelyek sz\u00fcks\u00e9gess\u00e9 tett\u00e9k egym\u00e1s elfogad\u00e1s\u00e1t, egym\u00e1s meg\u00e9rt\u00e9s\u00e9t, seg\u00edt\u00e9s\u00e9t. T\u00f6bbsz\u00f6r figyelt\u00fck meg n\u00e9h\u00e1ny tanul\u00f3nak milyen nagy siker\u00e9lm\u00e9nyt jelentett, hogy t\u00e1rsainak seg\u00edthetett. N\u00e9h\u00e1ny tanul\u00f3, akiknek az iskolai teljes\u00edtm\u00e9ny\u00fckben hi\u00e1nyoss\u00e1gok mutatkoznak, olyan tud\u00e1sr\u00f3l tettek tan\u00fabizonys\u00e1got, amelyek a tan\u00edt\u00e1si \u00f3r\u00e1kon nem der\u00fcltek ki r\u00f3luk. A di\u00e1kok l\u00e1togat\u00e1st tettek a kecskem\u00e9ti Cir\u00f3ka B\u00e1bsz\u00ednh\u00e1zba is. A gyerekek nagyon j\u00f3l \u00e9rezt\u00e9k magukat a sz\u00ednh\u00e1zl\u00e1togat\u00e1s sor\u00e1n, hiszen volt olyan, aki m\u00e9g soha nem j\u00e1rt b\u00e1bsz\u00ednh\u00e1zban.\u00a0 A kulisszaj\u00e1r\u00e1s alkalm\u00e1val bepillant\u00e1st nyertek a b\u00e1bok \u00e9letre kelt\u00e9s\u00e9nek vil\u00e1g\u00e1ba. \u00a0Lehet\u0151s\u00e9g\u00fck ny\u00edlt a sz\u00ednh\u00e1z b\u00e1bjainak megismer\u00e9s\u00e9re, k\u00e9zbe foghatt\u00e1k, kipr\u00f3b\u00e1lhatt\u00e1k a m\u0171v\u00e9szek seg\u00edts\u00e9g\u00e9vel, mely hatalmas \u00e9lm\u00e9ny volt sz\u00e1mukra.<\/p>\n<p style=\"text-align: justify;\">A feln\u0151tteknek tartott z\u00e1r\u00f3 el\u0151ad\u00e1son elmondt\u00e1k, \u00f6r\u00f6mmel venn\u00e9k, ha a k\u00e9s\u0151bbiek folyam\u00e1n is lehet\u0151s\u00e9g\u00fck lenne hasonl\u00f3 foglalkoz\u00e1sokon r\u00e9szt venni\u00fck.<\/p>\n","protected":false},"excerpt":{"rendered":"<p>\u201eB\u00c1BOK \u00c1LMA \u00c9LETRE KELNI\u201d A nyertes p\u00e1ly\u00e1zat 2015. \u00e1prilis 8. \u00e9s 2015. j\u00fanius 30. k\u00f6z\u00f6tt ker\u00fcl megval\u00f3s\u00edt\u00e1sra. A p\u00e1ly\u00e1zatba bevont tanul\u00f3k valamennyien a VD\u00c1I \u00e9s AMI fels\u0151 tagozatos tanul\u00f3i. C\u00e9lunk a\u00a0p\u00e1ly\u00e1zatba bevont tanul\u00f3k kommunik\u00e1ci\u00f3s k\u00e9pess\u00e9g\u00e9nek, fant\u00e1zi\u00e1j\u00e1nak, kapcsolatteremt\u0151 k\u00e9pess\u00e9g\u00e9nek, seg\u00edt\u0151k\u00e9szs\u00e9g\u00e9nek fejleszt\u00e9se,\u00a0tov\u00e1bb\u00e1 legyen r\u00e9sz\u00fck a k\u00f6z\u00f6s tev\u00e9kenys\u00e9g \u00f6r\u00f6m\u00e9ben, n\u00f6vekedjen \u00f6n\u00e9rt\u00e9kel\u00e9s\u00fck, \u00f6nbizalmuk, magabiztoss\u00e1guk. Kezdetek [slideshow_deploy id=&#8217;1144&#8242;] K\u00e9sz\u00fclnek a <a class=\"read-more\" href=\"https:\/\/vdamk.hu\/?page_id=1137\">Read More<\/a><\/p>\n","protected":false},"author":1,"featured_media":0,"parent":14,"menu_order":0,"comment_status":"closed","ping_status":"closed","template":"","meta":{"footnotes":""},"_links":{"self":[{"href":"https:\/\/vdamk.hu\/index.php?rest_route=\/wp\/v2\/pages\/1137"}],"collection":[{"href":"https:\/\/vdamk.hu\/index.php?rest_route=\/wp\/v2\/pages"}],"about":[{"href":"https:\/\/vdamk.hu\/index.php?rest_route=\/wp\/v2\/types\/page"}],"author":[{"embeddable":true,"href":"https:\/\/vdamk.hu\/index.php?rest_route=\/wp\/v2\/users\/1"}],"replies":[{"embeddable":true,"href":"https:\/\/vdamk.hu\/index.php?rest_route=%2Fwp%2Fv2%2Fcomments&post=1137"}],"version-history":[{"count":8,"href":"https:\/\/vdamk.hu\/index.php?rest_route=\/wp\/v2\/pages\/1137\/revisions"}],"predecessor-version":[{"id":1194,"href":"https:\/\/vdamk.hu\/index.php?rest_route=\/wp\/v2\/pages\/1137\/revisions\/1194"}],"up":[{"embeddable":true,"href":"https:\/\/vdamk.hu\/index.php?rest_route=\/wp\/v2\/pages\/14"}],"wp:attachment":[{"href":"https:\/\/vdamk.hu\/index.php?rest_route=%2Fwp%2Fv2%2Fmedia&parent=1137"}],"curies":[{"name":"wp","href":"https:\/\/api.w.org\/{rel}","templated":true}]}}