{"id":1047,"date":"2014-11-21T09:44:01","date_gmt":"2014-11-21T09:44:01","guid":{"rendered":"http:\/\/vdamk.hu\/?page_id=1047"},"modified":"2014-11-21T09:46:14","modified_gmt":"2014-11-21T09:46:14","slug":"bordiszmu","status":"publish","type":"page","link":"https:\/\/vdamk.hu\/?page_id=1047","title":{"rendered":"B\u0151rd\u00edszm\u0171"},"content":{"rendered":"<p style=\"text-align: justify;\">A 126 \u00f3r\u00e1s foglalkoz\u00e1ssorozat n\u00e9gy r\u00e9szre tagol\u00f3dott: ismeretterjeszt\u0151 szakasz, kreat\u00edv szakasz, szintetiz\u00e1l\u00f3 szakasz, marketing szakasz.<\/p>\n<p style=\"text-align: justify;\">A foglalkoz\u00e1sok c\u00e9lja els\u0151sorban a tanul\u00f3k ismereteinek b\u0151v\u00edt\u00e9se, k\u00e9pess\u00e9geik komplex fejleszt\u00e9se volt az akt\u00edv, cselekedtet\u0151 tanul\u00e1s \u00e1ltal. A foglalkoz\u00e1sokon azon k\u00e9pess\u00e9gek, k\u00e9szs\u00e9gek a fejleszt\u00e9se, ismeretek az \u00e1tad\u00e1sa val\u00f3sult meg, amelyek a vizu\u00e1lis kommunik\u00e1ci\u00f3 magasabb szint\u0171 m\u0171vel\u00e9s\u00e9hez, a l\u00e1that\u00f3 vil\u00e1g haszn\u00e1lat\u00e1hoz, alak\u00edt\u00e1s\u00e1hoz, a kreativit\u00e1s fejleszt\u00e9s\u00e9hez sz\u00fcks\u00e9gesek. A k\u00f6zvetlen tapasztalatszerz\u00e9s, az anyagokkal val\u00f3 \u00e9rintkez\u00e9s, seg\u00edtett az \u00e9rz\u00e9kel\u00e9s \u00e9rz\u00e9kenys\u00e9g\u00e9nek fokoz\u00e1s\u00e1ban, mik\u00f6zben fejl\u0151d\u00f6tt a tanul\u00f3k t\u00fcrelme, kitart\u00e1sa, a szem-k\u00e9z koordin\u00e1ci\u00f3ja, finommozg\u00e1sa, a ritmus\u00e9rz\u00e9ke, a figyelme, az eszt\u00e9tikai \u00e9rz\u00e9ke \u00e9s az egym\u00e1s ir\u00e1nti toleranci\u00e1ja.<\/p>\n<p style=\"text-align: justify;\">A tanul\u00f3k \u2013 Farkas Henrietta, F\u00f3rizs Antal, Horv\u00e1th Tibor, K\u00f6lesdi Karolina, P\u00e1l Vanda, Pet\u0151 D\u00e1vid, R\u00e9z Levente, S\u00e1rk\u00f6zi Lili\u00e1na, T\u00f3th Katalin, Turi Szabolcs \u2013 nagy izgalommal v\u00e1rt\u00e1k a foglalkoz\u00e1sokat. K\u00fcl\u00f6n\u00f6sen az els\u0151t. R\u00f6vid, nekik sz\u00f3l\u00f3 el\u0151ad\u00e1sokon kezdt\u00fck el az ismerked\u00e9st a b\u0151r\u00f6z\u00e9ssel. Megismerkedt\u00fcnk n\u00e9h\u00e1ny b\u0151rfajt\u00e1val, a kidolgoz\u00e1sukkal, a megmunk\u00e1l\u00e1shoz sz\u00fcks\u00e9ges eszk\u00f6z\u00f6kkel. A tervez\u00e9st\u0151l a \u201ekivitelez\u00e9sig\u201d igyekeztek elsaj\u00e1t\u00edtani a sz\u00fcks\u00e9ges l\u00e9p\u00e9seket. Volt, akinek ez k\u00f6nnyebben ment, volt, akinek nehezebben. De mindig seg\u00edtettek egym\u00e1snak. A munka k\u00f6zben sokat besz\u00e9lgett\u00fcnk vagy \u00e9nekelt\u00fcnk. A ny\u00e1ri t\u00e1bor igaz\u00e1n \u00f6sszekov\u00e1csolta a kicsi, de lelkes csapatot. A N\u00e9prajzi M\u00fazeumban is tett\u00fcnk kir\u00e1ndul\u00e1st. Sok sz\u00e9p munka sz\u00fcletett a foglalkoz\u00e1s-sorozat alatt. A v\u00e9g\u00e9n ki\u00e1ll\u00edt\u00e1st rendezt\u00fcnk a legjobb munk\u00e1kb\u00f3l. A gyermekek nagyon szeretn\u00e9k folytatni a b\u0151r\u00f6z\u00e9st a j\u00f6v\u0151ben is.<\/p>\n<p>Hajd\u00fan\u00e9 Cz\u00e9h Melinda, foglalkoz\u00e1svezet\u0151<\/p>\n<p><i>[slideshow_deploy id=&#8217;1049&#8242;]<\/i><\/p>\n","protected":false},"excerpt":{"rendered":"<p>A 126 \u00f3r\u00e1s foglalkoz\u00e1ssorozat n\u00e9gy r\u00e9szre tagol\u00f3dott: ismeretterjeszt\u0151 szakasz, kreat\u00edv szakasz, szintetiz\u00e1l\u00f3 szakasz, marketing szakasz. A foglalkoz\u00e1sok c\u00e9lja els\u0151sorban a tanul\u00f3k ismereteinek b\u0151v\u00edt\u00e9se, k\u00e9pess\u00e9geik komplex fejleszt\u00e9se volt az akt\u00edv, cselekedtet\u0151 tanul\u00e1s \u00e1ltal. A foglalkoz\u00e1sokon azon k\u00e9pess\u00e9gek, k\u00e9szs\u00e9gek a fejleszt\u00e9se, ismeretek az \u00e1tad\u00e1sa val\u00f3sult meg, amelyek a vizu\u00e1lis kommunik\u00e1ci\u00f3 magasabb szint\u0171 m\u0171vel\u00e9s\u00e9hez, a l\u00e1that\u00f3 vil\u00e1g haszn\u00e1lat\u00e1hoz, <a class=\"read-more\" href=\"https:\/\/vdamk.hu\/?page_id=1047\">Read More<\/a><\/p>\n","protected":false},"author":1,"featured_media":0,"parent":18,"menu_order":0,"comment_status":"closed","ping_status":"closed","template":"","meta":{"footnotes":""},"_links":{"self":[{"href":"https:\/\/vdamk.hu\/index.php?rest_route=\/wp\/v2\/pages\/1047"}],"collection":[{"href":"https:\/\/vdamk.hu\/index.php?rest_route=\/wp\/v2\/pages"}],"about":[{"href":"https:\/\/vdamk.hu\/index.php?rest_route=\/wp\/v2\/types\/page"}],"author":[{"embeddable":true,"href":"https:\/\/vdamk.hu\/index.php?rest_route=\/wp\/v2\/users\/1"}],"replies":[{"embeddable":true,"href":"https:\/\/vdamk.hu\/index.php?rest_route=%2Fwp%2Fv2%2Fcomments&post=1047"}],"version-history":[{"count":2,"href":"https:\/\/vdamk.hu\/index.php?rest_route=\/wp\/v2\/pages\/1047\/revisions"}],"predecessor-version":[{"id":1055,"href":"https:\/\/vdamk.hu\/index.php?rest_route=\/wp\/v2\/pages\/1047\/revisions\/1055"}],"up":[{"embeddable":true,"href":"https:\/\/vdamk.hu\/index.php?rest_route=\/wp\/v2\/pages\/18"}],"wp:attachment":[{"href":"https:\/\/vdamk.hu\/index.php?rest_route=%2Fwp%2Fv2%2Fmedia&parent=1047"}],"curies":[{"name":"wp","href":"https:\/\/api.w.org\/{rel}","templated":true}]}}